{"id":16,"date":"2021-05-17T05:43:37","date_gmt":"2021-05-17T05:43:37","guid":{"rendered":"https:\/\/ochronadlamedyka.cm-lancut.pl\/?page_id=16"},"modified":"2021-05-17T05:44:20","modified_gmt":"2021-05-17T05:44:20","slug":"polityka-prywatnosci","status":"publish","type":"page","link":"https:\/\/ochronadlamedyka.cm-lancut.pl\/index.php\/polityka-prywatnosci\/","title":{"rendered":"Polityka prywatno\u015bci"},"content":{"rendered":"\n<p>Polityka Prywatno\u015bci okre\u015bla warunki dotycz\u0105ce u\u017cytkowania serwisu internetowego przez u\u017cytkownik\u00f3w ko\u0144cowych. Korzystaj\u0105c w&nbsp;dowolny spos\u00f3b z&nbsp;niniejszego serwisu internetowego u\u017cytkownik ko\u0144cowy akceptuje warunki okre\u015blone w&nbsp;poni\u017cszej Polityce Prywatno\u015bci.<\/p>\n\n\n\n<p><strong>Ochrona danych osobowych<\/strong><\/p>\n\n\n\n<p>Dane osobowe mog\u0105 by\u0107 przetwarzane wy\u0142\u0105cznie na podstawie informacji przekazanych przez u\u017cytkownika serwisu internetowego. Przekazanie informacji obejmuj\u0105cych dane osobowe jest dobrowolne. Do informacji tych nale\u017c\u0105 np. imi\u0119 i&nbsp;nazwisko, adres e-mail lub numer telefonu. Cel wykorzystania danych osobowych jest okre\u015blony w&nbsp;nag\u0142\u00f3wku formularza zamieszczonego w&nbsp;serwisie internetowym. Najcz\u0119\u015bciej jest to subskrypcja wiadomo\u015bci z&nbsp;serwisu za pomoc\u0105 poczty e-mail lub kr\u00f3tkich wiadomo\u015bci tekstowych SMS albo dost\u0119p do wybranych podstron serwisu dla zalogowanych u\u017cytkownik\u00f3w. Dane osobowe nie s\u0105 zbierane automatycznie.<\/p>\n\n\n\n<p><strong>Pliki cookies<\/strong><\/p>\n\n\n\n<p>Pliki cookies (w dos\u0142ownym t\u0142umaczeniu z&nbsp;j. angielskiego: ciasteczka) s\u0105 to ma\u0142e pliki tekstowe, przesy\u0142ane do urz\u0105dzenia u\u017cytkownika ko\u0144cowego podczas odwiedzania przez niego serwisu internetowego. Pliki cookies zawieraj\u0105 m.in. adres strony internetowej z&nbsp;kt\u00f3rej pochodz\u0105, ustawienia dokonane przez u\u017cytkownika serwisu dotycz\u0105ce uk\u0142adu strony, rozmiaru tekstu, kolor\u00f3w, wersji kontrastowej, dane wpisywane do formularzy oraz warto\u015b\u0107, kt\u00f3r\u0105 jest zazwyczaj automatycznie wygenerowana unikalna liczba. Mechanizm cookies nie pobiera jakichkolwiek danych osobowych ani \u017cadnych informacji poufnych z&nbsp;urz\u0105dzenia u\u017cytkownika ko\u0144cowego.<\/p>\n\n\n\n<p><strong>Korzystaj\u0105c z&nbsp;serwisu internetowego u\u017cytkownik ko\u0144cowy wyra\u017ca zgod\u0119 na wykorzystywanie plik\u00f3w cookies.<\/strong><\/p>\n\n\n\n<p>U\u017cytkownik ko\u0144cowy ma mo\u017cliwo\u015b\u0107 korzystania z&nbsp;serwisu internetowego bez wykorzystywania plik\u00f3w cookies, ale oznacza to, \u017ce niekt\u00f3re funkcje serwisu nie b\u0119d\u0105 dzia\u0142a\u0107 poprawnie. U\u017cytkownik ko\u0144cowy mo\u017ce samodzielnie i&nbsp;w&nbsp;ka\u017cdym czasie zmieni\u0107 ustawienia dotycz\u0105ce plik\u00f3w cookies, jak r\u00f3wnie\u017c mo\u017ce usun\u0105\u0107 pliki cookies korzystaj\u0105c z&nbsp;dost\u0119pnych funkcji w&nbsp;przegl\u0105darce internetowej, kt\u00f3rej u\u017cywa. W&nbsp;przypadku nie wyra\u017cenia zgody na korzystanie z&nbsp;plik\u00f3w cookies, u\u017cytkownik ko\u0144cowy winien zaznaczy\u0107 w&nbsp;ustawieniach przegl\u0105darki opcj\u0119 odrzucania plik\u00f3w cookies lub sygnalizowania ich przes\u0142ania.<\/p>\n\n\n\n<p>Niniejszy serwis internetowy mo\u017ce stosowa\u0107 nast\u0119puj\u0105ce pliki cookies:<\/p>\n\n\n\n<ol type=\"a\"><li>pliki uwierzytelniaj\u0105ce &#8211; wykorzystywane do us\u0142ug wymagaj\u0105cych uwierzytelniania u\u017cytkownika ko\u0144cowego w&nbsp;serwisie internetowym oraz do wykrywania nadu\u017cy\u0107 w&nbsp;zakresie uwierzytelniania w&nbsp;ramach serwisu;<\/li><li>pliki statystyczne &#8211; wykorzystywane do zbierania informacji o&nbsp;sposobie korzystania u\u017cytkownika ko\u0144cowego z&nbsp;serwisu internetowego;<\/li><li>pliki funkcjonalne &#8211; wykorzystywane do zapami\u0119tania wybranych przez u\u017cytkownika ko\u0144cowego ustawie\u0144 i&nbsp;personalizacj\u0119 interfejsu u\u017cytkownika, np. w&nbsp;zakresie wybranego j\u0119zyka, rozmiaru czcionki, wygl\u0105du strony internetowej, itp.<\/li><\/ol>\n\n\n\n<p>W celu zarz\u0105dzania ustawieniami plik\u00f3w cookies wybierz z&nbsp;listy oficjalnych stron internetowych producent\u00f3w najcz\u0119\u015bciej u\u017cywanych przegl\u0105darek internetowych aplikacj\u0119, kt\u00f3rej u\u017cywasz i&nbsp;post\u0119puj zgodnie z&nbsp;instrukcjami producenta:<\/p>\n\n\n\n<ul><li>Internet Explorer &#8211;&nbsp;<a href=\"http:\/\/support.microsoft.com\/kb\/196955\" target=\"_blank\" rel=\"noreferrer noopener\">&nbsp;http:\/\/support.microsoft.com\/<\/a><\/li><li>Chrome &#8211;&nbsp;<a href=\"http:\/\/support.google.com\/chrome\/bin\/answer.py?hl=pl&amp;answer=95647\" target=\"_blank\" rel=\"noreferrer noopener\">&nbsp;http:\/\/support.google.com\/chrome\/<\/a><\/li><li>Safari &#8211;&nbsp;<a href=\"http:\/\/support.apple.com\/kb\/PH5042\" target=\"_blank\" rel=\"noreferrer noopener\">&nbsp;http:\/\/support.apple.com\/<\/a><\/li><li>Firefox &#8211;&nbsp;<a href=\"http:\/\/support.mozilla.org\/pl\/kb\/W%C5%82%C4%85czanie%20i%20wy%C5%82%C4%85czanie%20obs%C5%82ugi%20ciasteczek\" target=\"_blank\" rel=\"noreferrer noopener\">&nbsp;http:\/\/support.mozilla.org\/pl\/<\/a><\/li><li>Opera &#8211;&nbsp;<a href=\"http:\/\/help.opera.com\/Windows\/12.10\/pl\/cookies.html\" target=\"_blank\" rel=\"noreferrer noopener\">&nbsp;http:\/\/help.opera.com\/Windows\/<\/a><\/li><\/ul>\n\n\n\n<p>Urz\u0105dzenia mobilne:<\/p>\n\n\n\n<ul><li>Android &#8211;&nbsp;<a href=\"http:\/\/support.google.com\/chrome\/bin\/answer.py?hl=pl&amp;answer=95647\" target=\"_blank\" rel=\"noreferrer noopener\">&nbsp;http:\/\/support.google.com\/chrome\/<\/a><\/li><li>Safari &#8211;&nbsp;<a href=\"http:\/\/support.apple.com\/kb\/HT1677?viewlocale=pl_PL\" target=\"_blank\" rel=\"noreferrer noopener\">&nbsp;http:\/\/support.apple.com\/<\/a><\/li><li>Windows Phone &#8211;&nbsp;<a href=\"http:\/\/www.windowsphone.com\/pl-pl\/how-to\/wp7\/web\/changing-privacy-and-other-browser-settings\" target=\"_blank\" rel=\"noreferrer noopener\">&nbsp;http:\/\/www.windowsphone.com\/pl-pl\/how-to\/<\/a><\/li><\/ul>\n\n\n\n<p><strong>Narz\u0119dzia i&nbsp;tre\u015b\u0107 z&nbsp;innych firm<\/strong><\/p>\n\n\n\n<p>Niniejszy serwis internetowy mo\u017ce zawiera\u0107 przyciski, narz\u0119dzia lub tre\u015bci kieruj\u0105ce do us\u0142ug innych firm, m.in. Facebook (przycisk \u201eLubi\u0119 to\u201d), Google (Google Maps, Google Analitycs, Google Translate), Youtube (filmy), IVONA Software (webreader), Stat24 (statystyki), Payu (p\u0142atno\u015bci elektroniczne). Korzystanie z&nbsp;aplikacji innych firm mo\u017ce powodowa\u0107 przesy\u0142anie informacji do urz\u0105dzenia u\u017cytkownika ko\u0144cowego przez zewn\u0119trzny podmiot. Informacji na temat wykorzystania plik\u00f3w cookies przez zewn\u0119trzne aplikacje nale\u017cy szuka\u0107 w&nbsp;polityce prywatno\u015bci danego podmiotu.<\/p>\n\n\n\n<p><strong>Prawa autorskie<\/strong><\/p>\n\n\n\n<p>Zawarto\u015b\u0107 serwisu internetowego (teksty, grafiki, muzyka, filmy) oraz wszystkie jej fragmenty a&nbsp;tak\u017ce mechanizmy i&nbsp;oprogramowanie u\u017cywane w&nbsp;serwisie internetowym s\u0105 obj\u0119te ochron\u0105, wynikaj\u0105c\u0105 z&nbsp;przepis\u00f3w polskiego i&nbsp;mi\u0119dzynarodowego prawa autorskiego.<\/p>\n\n\n\n<p>Zgodnie z&nbsp;przepisami prawa autorskiego oraz przepisami o&nbsp;ochronie baz danych, u\u017cytkownik ko\u0144cowy otrzymuje niewy\u0142\u0105czn\u0105, ograniczon\u0105 licencj\u0119 na korzystanie z&nbsp;serwisu wy\u0142\u0105cznie w&nbsp;celach prywatnych, bez mo\u017cliwo\u015bci samodzielnego pobierania lub zapisywania stron oraz dokonywania ich modyfikacji.<\/p>\n\n\n\n<p>U\u017cytkownik ko\u0144cowy serwisu internetowego, bez zgody w\u0142a\u015bciciela serwisu nie posiada prawa do odsprzeda\u017cy lub wykorzystania w&nbsp;celach komercyjnych serwisu internetowego i&nbsp;jego zawarto\u015bci.<\/p>\n\n\n\n<p>W\u0142a\u015bciciel serwisu internetowego udziela ograniczonego, odwo\u0142ywalnego, niewy\u0142\u0105cznego prawa do tworzenia linku do serwisu internetowego, o&nbsp;ile nie przedstawia on w\u0142a\u015bciciela serwisu w&nbsp;spos\u00f3b fa\u0142szywy, myl\u0105cy i&nbsp;niezgodny z&nbsp;prawd\u0105.<\/p>\n\n\n\n<p>Wykorzystanie niniejszego serwisu internetowego w&nbsp;spos\u00f3b, kt\u00f3ry narusza\u0142by w\/w warunki albo wszelkie obowi\u0105zuj\u0105ce prawa lub przepisy, a&nbsp;tak\u017ce w&nbsp;spos\u00f3b, kt\u00f3ry powoduje albo mo\u017ce spowodowa\u0107 uszkodzenie serwisu internetowego, przerw\u0119 lub zak\u0142\u00f3cenia w&nbsp;pracy jest zabronione.<\/p>\n","protected":false},"excerpt":{"rendered":"<p>Polityka Prywatno\u015bci okre\u015bla warunki dotycz\u0105ce u\u017cytkowania serwisu internetowego przez u\u017cytkownik\u00f3w ko\u0144cowych. Korzystaj\u0105c w&nbsp;dowolny spos\u00f3b z&nbsp;niniejszego serwisu internetowego u\u017cytkownik ko\u0144cowy akceptuje&nbsp;[&hellip;]<\/p>\n","protected":false},"author":1,"featured_media":0,"parent":0,"menu_order":0,"comment_status":"closed","ping_status":"closed","template":"page-templates\/template_fullwidth.php","meta":[],"_links":{"self":[{"href":"https:\/\/ochronadlamedyka.cm-lancut.pl\/index.php\/wp-json\/wp\/v2\/pages\/16"}],"collection":[{"href":"https:\/\/ochronadlamedyka.cm-lancut.pl\/index.php\/wp-json\/wp\/v2\/pages"}],"about":[{"href":"https:\/\/ochronadlamedyka.cm-lancut.pl\/index.php\/wp-json\/wp\/v2\/types\/page"}],"author":[{"embeddable":true,"href":"https:\/\/ochronadlamedyka.cm-lancut.pl\/index.php\/wp-json\/wp\/v2\/users\/1"}],"replies":[{"embeddable":true,"href":"https:\/\/ochronadlamedyka.cm-lancut.pl\/index.php\/wp-json\/wp\/v2\/comments?post=16"}],"version-history":[{"count":1,"href":"https:\/\/ochronadlamedyka.cm-lancut.pl\/index.php\/wp-json\/wp\/v2\/pages\/16\/revisions"}],"predecessor-version":[{"id":17,"href":"https:\/\/ochronadlamedyka.cm-lancut.pl\/index.php\/wp-json\/wp\/v2\/pages\/16\/revisions\/17"}],"wp:attachment":[{"href":"https:\/\/ochronadlamedyka.cm-lancut.pl\/index.php\/wp-json\/wp\/v2\/media?parent=16"}],"curies":[{"name":"wp","href":"https:\/\/api.w.org\/{rel}","templated":true}]}}