{"id":9,"date":"2021-05-17T05:35:23","date_gmt":"2021-05-17T05:35:23","guid":{"rendered":"https:\/\/ochronadlamedyka.cm-lancut.pl\/?page_id=9"},"modified":"2022-08-05T12:08:39","modified_gmt":"2022-08-05T12:08:39","slug":"o-projekcie","status":"publish","type":"page","link":"https:\/\/ochronadlamedyka.cm-lancut.pl\/","title":{"rendered":"O projekcie"},"content":{"rendered":"\n<p><strong>\u201eCentrum Medyczne w&nbsp;&nbsp;\u0141a\u0144cucie\u201d sp. z o. o. realizuje projekt pt.: <em>\u201e <\/em><\/strong><strong><em>Opracowanie bezpiecznych procedur wykorzystania osobistego sprz\u0119tu ochronnego typu PAPR przez personel medyczny w&nbsp;kontaktach z osobami zara\u017conymi wirusem SARS-CoV-2\u201d<\/em><\/strong><strong> <\/strong>Nr umowy: SZPITALE-JEDNOIMIENNE\/19\/2020. Program\/nr konkursu: \u201eWsparcie szpitali jednoimiennych w&nbsp;walce z&nbsp;rozprzestrzenianiem si\u0119 zaka\u017cenia wirusem SARS-CoV-2 oraz w&nbsp;leczeniu COVID-19\u201d.&nbsp;<\/p>\n\n\n\n<p>Projekt B+R finansowany jest ze&nbsp;\u015brodk\u00f3w Narodowego Centrum Bada\u0144 i&nbsp;Rozwoju, w&nbsp;ramach przedsi\u0119wzi\u0119cia \u201eWsparcie Szpitali Jednoimiennych\u201d.<\/p>\n\n\n\n<p><strong>G\u0142\u00f3wnym celem projektu<\/strong> jest opracowanie procedur oraz metod u\u017cytkowania nowego sprz\u0119tu ochrony osobistej typu (PAPR) w warunkach oddzia\u0142\u00f3w zaka\u017anych (hospitalizacji) oraz w&nbsp;trakcie transportu &nbsp;i&nbsp;podczas badania pacjent\u00f3w podejrzanych o zara\u017cenie wirusem SARS-CoV-2<\/p>\n\n\n\n<p>Sprz\u0119t ochrony osobistej typu <strong>PAPR&nbsp; <\/strong><strong>&#8211; <u>Super Vision RL-20<\/u> &#8211;<\/strong><strong> <\/strong>sk\u0142ada si\u0119 z kaptura wyposa\u017conego w&nbsp;du\u017cy wizjer, kt\u00f3ry chroni u\u017cytkownika przed kontaktem wirusa pozostaj\u0105cego w&nbsp;powietrzu oraz zespo\u0142u wentylatora kt\u00f3ry dostarcza przefiltrowane powietrze do kaptura.<\/p>\n\n\n\n<p>Zesp\u00f3\u0142 filtr\u00f3w zamontowany przed wentylatorem chroni ca\u0142e urz\u0105dzenie przed kontaminacj\u0105. Powietrze jest dostarczone do kaptura z niewielkim nadci\u015bnieniem w ilo\u015bci wi\u0119kszej ni\u017c zapotrzebowanie organizmu w czasie wyt\u0119\u017conego wysi\u0142ku, dzi\u0119ki czemu naddatek ca\u0142y czas jest usuwany nieszczelno\u015bciami zapobiegaj\u0105c ewentualnemu dostaniu si\u0119 powietrza z patogenem.<\/p>\n\n\n\n<p>Konstrukcja kaptura pozwala na noszenie okular\u00f3w korekcyjnych wewn\u0105trz oraz zapobiega parowaniu szybki od wewn\u0105trz dzi\u0119ki kierowanemu nadmuchowi powietrza.<\/p>\n\n\n\n<p>Projekt ma na celu okre\u015blenie mo\u017cliwo\u015bci wykorzystania sprz\u0119tu ochrony osobistej w&nbsp;postaci PAPR (powered air-purifying respirator) do ochrony przed zaka\u017ceniami wirusowymi personelu medycznego.<\/p>\n\n\n\n<p><strong>Testowanie<\/strong><\/p>\n\n\n\n<p><strong><u>Super Vision RL-20<\/u><\/strong><strong> \u2013 badany jest w <\/strong>Centralnym Instytucie Ochrony Pracy \u2013 Pa\u0144stwowy Instytut Badawczy w Warszawie. Testy polegaj\u0105 na wszechstronnym sprawdzeniu zgodno\u015bci sprz\u0119tu z&nbsp;wymaganiami dot. m.in. przep\u0142ywu powietrza, materia\u0142u kaptura pod k\u0105tem ochrony przed ska\u017conymi cieczami, palno\u015bci, wytrzyma\u0142o\u015b\u0107 mechanicznej i szczelno\u015bci w\u0119\u017cy doprowadzaj\u0105cych czyste powietrze.<\/p>\n\n\n\n<p><strong>Testy ergonomii\/u\u017cytkowania przez personel medyczny Centrum Medycznego w&nbsp;\u0141a\u0144cucie, przeprowadzone b\u0119d\u0105 po uzyskaniu pozytywnej rekomendacji z CIOP-BIP<\/strong>.<\/p>\n\n\n\n<p><strong>Wyniki test\u00f3w<\/strong> ergonomii i w\u0142asno\u015bci u\u017cytkowych pos\u0142u\u017c\u0105 do opracowania wytycznych dla producent\u00f3w kt\u00f3re musz\u0105 by\u0107 uwzgl\u0119dnione w konstrukcji sprz\u0119tu przeznaczonego do u\u017cytku w czasie pandemii koronawirusa ze wzgl\u0119du na specyfik\u0119 pracy personelu na oddzia\u0142ach zaka\u017anych. Do\u015bwiadczenia p\u0142yn\u0105ce z innych kraj\u00f3w bardziej dotkni\u0119tych epidemi\u0105 wyra\u017anie wskazuj\u0105 na pewne problemy z&nbsp;wykorzystaniem obecnie istniej\u0105cych na rynku urz\u0105dze\u0144 typu PAPR. S\u0105 to problemy zwi\u0105zane z&nbsp;dok\u0142adnym odka\u017caniem oraz z dezynfekcj\u0105 urz\u0105dze\u0144 oraz brakiem mo\u017cliwo\u015bci zastosowania sprz\u0119tu jednorazowego. Dowodzi to konieczno\u015bci opracowania wytycznych dla tego typu ochrony w celu dostosowania jej do specyficznych wymaga\u0144 podyktowanych zagro\u017ceniem wirusem SARS-CoV-2 tak, aby mog\u0142a poprawi\u0107 bezpiecze\u0144stwo i warunki pracy personelu.<\/p>\n\n\n\n<p>Okres realizacji projektu: 29.10.2020 r. \u2013 26.10.2021 r.<\/p>\n\n\n\n<div class=\"wp-block-file aligncenter\"><a href=\"https:\/\/ochronadlamedyka.cm-lancut.pl\/index.php\/o-projekcie\/raport-z-realizacji-projektu\/\" target=\"_blank\" rel=\"noreferrer noopener\">Raport-z-realizacji-Projektu<\/a><a href=\"https:\/\/ochronadlamedyka.cm-lancut.pl\/wp-content\/uploads\/2022\/08\/Raport-z-realizacji-Projektu.pdf\" class=\"wp-block-file__button\" download>Pobierz<\/a><\/div>\n","protected":false},"excerpt":{"rendered":"<p>\u201eCentrum Medyczne w&nbsp;&nbsp;\u0141a\u0144cucie\u201d sp. z o. o. realizuje projekt pt.: \u201e Opracowanie bezpiecznych procedur wykorzystania osobistego sprz\u0119tu ochronnego typu PAPR&nbsp;[&hellip;]<\/p>\n","protected":false},"author":1,"featured_media":0,"parent":0,"menu_order":0,"comment_status":"closed","ping_status":"closed","template":"page-templates\/template_fullwidth.php","meta":[],"_links":{"self":[{"href":"https:\/\/ochronadlamedyka.cm-lancut.pl\/index.php\/wp-json\/wp\/v2\/pages\/9"}],"collection":[{"href":"https:\/\/ochronadlamedyka.cm-lancut.pl\/index.php\/wp-json\/wp\/v2\/pages"}],"about":[{"href":"https:\/\/ochronadlamedyka.cm-lancut.pl\/index.php\/wp-json\/wp\/v2\/types\/page"}],"author":[{"embeddable":true,"href":"https:\/\/ochronadlamedyka.cm-lancut.pl\/index.php\/wp-json\/wp\/v2\/users\/1"}],"replies":[{"embeddable":true,"href":"https:\/\/ochronadlamedyka.cm-lancut.pl\/index.php\/wp-json\/wp\/v2\/comments?post=9"}],"version-history":[{"count":5,"href":"https:\/\/ochronadlamedyka.cm-lancut.pl\/index.php\/wp-json\/wp\/v2\/pages\/9\/revisions"}],"predecessor-version":[{"id":123,"href":"https:\/\/ochronadlamedyka.cm-lancut.pl\/index.php\/wp-json\/wp\/v2\/pages\/9\/revisions\/123"}],"wp:attachment":[{"href":"https:\/\/ochronadlamedyka.cm-lancut.pl\/index.php\/wp-json\/wp\/v2\/media?parent=9"}],"curies":[{"name":"wp","href":"https:\/\/api.w.org\/{rel}","templated":true}]}}